{"id":561,"date":"2019-09-26T09:13:26","date_gmt":"2019-09-26T09:13:26","guid":{"rendered":"http:\/\/traqiq.mann-india.com\/traqiq_new\/?page_id=561"},"modified":"2019-09-26T09:14:17","modified_gmt":"2019-09-26T09:14:17","slug":"about","status":"publish","type":"page","link":"https:\/\/www.traqiq.com\/es\/about\/","title":{"rendered":"Acerca de"},"content":{"rendered":"<div id=\"\" class=\"row\">\n<div class=\"col-md-6\" id=\"\" style=\"text-align:;\">\n<img loading=\"lazy\" src=\"https:\/\/i2.wp.com\/demo.mageewp.com\/alchem\/wp-content\/uploads\/sites\/21\/2015\/08\/s_picjumbo.com_IMG_3363.jpg?ssl=1\" alt=\"\" width=\"555\" height=\"370\"><br>\n<\/div>\n<div class=\"col-md-6\" id=\"\" style=\"text-align:;\">\n<h3 style=\"text-align: left\">Sobre Nosotros<\/h3>\n<p>TraQiQ, Inc. es una empresa de tecnolog\u00eda global con un conjunto de productos dise\u00f1ados para ayudar a identificar clientes, facilitar transacciones y cumplir transacciones. La empresa tambi\u00e9n ofrece un conjunto completo de servicios que permiten a los clientes obtener el valor total de su tecnolog\u00eda y cumplir sus objetivos en un entorno tecnol\u00f3gico global din\u00e1mico. Las soluciones de IA y FinTech de vanguardia de TraQiQ se han implementado con clientes multinacionales l\u00edderes en todo el mundo y est\u00e1n ayudando a aumentar la lealtad de los clientes, mejorando la rentabilidad e impulsando transacciones financieras eficientes.<br>\n<\/p>\n<p>TraQiQ tiene presencia global con oficinas\/clientes en Asia, Am\u00e9rica del Norte, \u00c1frica y Am\u00e9rica Latina. El equipo de liderazgo y asesoramiento de la empresa incluye personas con amplia experiencia en la gesti\u00f3n de grandes empresas, as\u00ed como empresarios exitosos.<\/p><\/div>\n<\/div>","protected":false},"excerpt":{"rendered":"<p>About Us TraQiQ, Inc. is a global technology company with a suite of products designed to help identify customers, facilitate transactions and fulfill transactions. The company also offers a comprehensive set of services that enable customers to derive the full value of their technology and meet their goals in a dynamic global technology environment. TraQiQ\u2019s<a class=\"more-link\" href=\"https:\/\/www.traqiq.com\/es\/about\/\">Seguir leyendo <span class=\"screen-reader-text\">&#8220;About&#8221;<\/span><\/a><\/p>","protected":false},"author":1,"featured_media":0,"parent":0,"menu_order":0,"comment_status":"closed","ping_status":"closed","template":"","meta":[],"_links":{"self":[{"href":"https:\/\/www.traqiq.com\/es\/wp-json\/wp\/v2\/pages\/561"}],"collection":[{"href":"https:\/\/www.traqiq.com\/es\/wp-json\/wp\/v2\/pages"}],"about":[{"href":"https:\/\/www.traqiq.com\/es\/wp-json\/wp\/v2\/types\/page"}],"author":[{"embeddable":true,"href":"https:\/\/www.traqiq.com\/es\/wp-json\/wp\/v2\/users\/1"}],"replies":[{"embeddable":true,"href":"https:\/\/www.traqiq.com\/es\/wp-json\/wp\/v2\/comments?post=561"}],"version-history":[{"count":3,"href":"https:\/\/www.traqiq.com\/es\/wp-json\/wp\/v2\/pages\/561\/revisions"}],"predecessor-version":[{"id":786,"href":"https:\/\/www.traqiq.com\/es\/wp-json\/wp\/v2\/pages\/561\/revisions\/786"}],"wp:attachment":[{"href":"https:\/\/www.traqiq.com\/es\/wp-json\/wp\/v2\/media?parent=561"}],"curies":[{"name":"wp","href":"https:\/\/api.w.org\/{rel}","templated":true}]}}