{"id":834,"date":"2019-09-30T09:52:50","date_gmt":"2019-09-30T09:52:50","guid":{"rendered":"http:\/\/traqiq.mann-india.com\/traqiq_new\/?page_id=834"},"modified":"2020-07-03T06:26:08","modified_gmt":"2020-07-03T06:26:08","slug":"digital-commerce-payments-product","status":"publish","type":"page","link":"https:\/\/www.traqiq.com\/es\/digital-commerce-payments-product\/","title":{"rendered":"[:en]Digital Commerce &#038; Payments[:es]Comercio digital y pagos[:]"},"content":{"rendered":"[:en]\r\n<p><\/p>\r\n\r\n\r\n\r\n<style>\r\np{ margin-bottom: 15px;}\r\n.es_submit_button { bottom: 81px;}\r\n<\/style>\r\n<section class=\"odoo-plus bottom70 padding-top page-desc\">\r\n<div class=\"container stnd-element\">\r\n<div class=\"odoo-container more-info\" id=\"Blockchain\">\r\n<div class=\"row odoo-block\">\r\n<div class=\"col-md-4 pull-right\">\r\n<img src=\"..\/wp-content\/uploads\/2019\/10\/Attract-new-customers-with-a-single-wallet-platform-1.jpg\" alt=\"Attract new customers with a single wallet platform\" class=\"img-responsive\">\r\n<\/div>\r\n<div class=\"col-md-8 pull-left\">\r\n<div class=\"content-bx\">\r\n<h2><b>Atr\u00e1iga Nuevos Clientes Con Una \u00danica Plataforma De Billetera<\/b><\/h2>\r\n<p>Proporcione a sus clientes algo m\u00e1s que otra forma de pago. Una billetera \u00fanica robusta permite a los usuarios administrar y controlar las finanzas a trav\u00e9s de una plataforma convergente.<\/p>\r\n<p>Now they can virtually store and use financial assets including G2P, B2P, welfare, salary, cards and micro banking like loans and insurance.<\/p><\/div>\r\n<p><\/p><\/div>\r\n<p><\/p><\/div>\r\n<div class=\"show-contant\" style=\"display: block;\">\r\n<hr>\r\n<div class=\"bottom20 clearfix\">\r\n<div class=\"col-md-4 center-box\">\r\n<img src=\"..\/wp-content\/uploads\/2019\/10\/Build-To-Scale.png\" alt=\"Build to scale\" class=\"img-responsive\">\r\n<\/div>\r\n<div class=\"col-md-8\">\r\n<div class=\"contant-bx\">\r\n<div class=\"details\">\r\n<h2 class=\"bottom20\"><b>Construya A Escala<\/b><\/h2>\r\n<p class=\"bottom20\">Drive revenue growth while keeping costs to a minimum.<\/p>\r\n<p>Introduzca r\u00e1pidamente nuevos productos y servicios con tecnolog\u00eda robusta que brinde agilidad y flexibilidad para administrar, modificar y optimizar las operaciones a medida que crece su negocio.<\/p><\/div>\r\n<p><\/p><\/div>\r\n<p><\/p><\/div>\r\n<p><\/p><\/div>\r\n<hr>\r\n<div class=\"bottom20 clearfix\">\r\n<div class=\"col-md-4 pull-right center-box\">\r\n<img src=\"..\/wp-content\/uploads\/2019\/10\/End-to-end-payment-and-commerce-solution.png\" alt=\"End-to-end payment and commerce solution\" class=\"img-responsive\">\r\n<\/div>\r\n<div class=\"col-md-8\">\r\n<div class=\"contant-bx\">\r\n<div class=\"details\">\r\n<h2 class=\"bottom20\"><b>Soluci\u00f3n De Pago Y Comercio De Extremo A Extremo<\/b><\/h2>\r\n<p class=\"bottom20\">From back-end payment processing to a front-end digital wallet, TraQiQ offer the solutions MFS and payment service providers need in order launch and scale business.<\/p>\r\n<p><\/p><\/div>\r\n<p><\/p><\/div>\r\n<p><\/p><\/div>\r\n<p><\/p><\/div>\r\n<p><\/p><\/div>\r\n<p><\/p><\/div>\r\n\r\n\r\n<hr>\r\n<div class=\"bottom20 clearfix\">\r\n<div class=\"col-md-4 center-box\">\r\n<img src=\"..\/wp-content\/uploads\/2019\/09\/image005.png\" alt=\"Collect, Integrate and Analyze Data\" class=\"img-responsive\">\r\n<\/div>\r\n<div class=\"col-md-8\">\r\n<div class=\"contant-bx\">\r\n<div class=\"details\">\r\n<h2 class=\"bottom20\"><b>Collect, Integrate and Analyze Data<\/b><\/h2>\r\n<p class=\"bottom20\">Handling and storing paper files manually is time consuming and prone to errors. <\/p>\r\n<p>TraQData Document digitization platform is a faster and more secure method where a business can transform paper files into digital data.<\/p><\/div>\r\n<p>Document digitization helps to remove issues like delays in document retrieval or file misplacement. Don\u2019t let data challenges restrict your business\u2019 progress. Digitize your data, transform your business.<\/p><\/div>\r\n<p><ul>\r\n<li>Handwritten Data to Digital Data.<\/li>\r\n<li>Build and Collect data in Minutes.<\/li>\r\n<li>Data Collection Apis to Integrate with your existing Apps.<\/li>\r\n<\/ul><\/p>\r\n<p><a href=\"https:\/\/www.traqiq.com\/es\/traqdata\/\" target=\"_blank\" class=\"feature-link\" rel=\"noopener noreferrer\"><button class=\"btn btn-primary\">View More<\/button><\/a><\/p><\/div>\r\n<p><\/p><\/div>\r\n\r\n\r\n<hr>\r\n<div class=\"bottom20 clearfix\">\r\n<div class=\"col-md-4 pull-right center-box\">\r\n<img src=\"..\/wp-content\/uploads\/2019\/10\/Tank-monitoring.png\" alt=\"Tank Monitoring\" class=\"img-responsive\" style=\"margin-top:-30px;\">\r\n<\/div>\r\n<div class=\"col-md-8\">\r\n<div class=\"contant-bx\">\r\n<div class=\"details\">\r\n<h2 class=\"bottom20\"><b>Tank Monitoring<\/b><\/h2>\r\n<p class=\"bottom20\">Check liquid levels. Schedule deliveries.<\/p>\r\n<p>Get fuel and\/or liquid tanks volumes remotely with automatic alerts and real-time reporting.<\/p><\/div>\r\n<p>Optimize delivery dates and amounts using workflow capabilities.<\/p><p><a href=\"https:\/\/omnim2m.com\/products\/tank-monitoring\/\" target=\"_blank\" class=\"feature-link\" rel=\"noopener noreferrer\"><button class=\"btn btn-primary\">View More<\/button><\/a><\/p><\/div>\r\n<p><\/p><\/div>\r\n<p><\/p><\/div>\r\n<p><\/p><\/div>\r\n<p><\/p><\/div>\r\n\r\n<hr>\r\n<div class=\"bottom20 clearfix\">\r\n<div class=\"col-md-4 center-box\">\r\n<img src=\"..\/wp-content\/uploads\/2019\/10\/temperature-monitoring.png\" alt=\"Temperature Monitoring\" class=\"img-responsive\" style=\"margin-top:-30px;\">\r\n<\/div>\r\n<div class=\"col-md-8\">\r\n<div class=\"contant-bx\">\r\n<div class=\"details\">\r\n<h2 class=\"bottom20\"><b>Temperature Monitoring<\/b><\/h2>\r\n<p class=\"bottom20\">Reduce spoilage and compliance costs. <\/p>\r\n<p>Set alerts for your refrigerated and\/or climate controlled equipment.<\/p><\/div>\r\n<p>Standardize report intervals for temperature, humidity, light, pressure and more.<\/p>\r\n<p><a href=\"https:\/\/omnim2m.com\/products\/temperature-monitoring\/\" target=\"_blank\" class=\"feature-link\" rel=\"noopener noreferrer\"><button class=\"btn btn-primary\">View More<\/button><\/a><\/p><\/div>\r\n<p><\/p><\/div>\r\n<p><\/p><\/div>\r\n\r\n\r\n<hr>\r\n<div class=\"bottom20 clearfix\">\r\n<div class=\"col-md-4 pull-right center-box\">\r\n<img src=\"..\/wp-content\/uploads\/2019\/10\/small-animal-trap.png\" alt=\"Critter Trap Monitoring\" class=\"img-responsive\" style=\"margin-top:-30px;\">\r\n<\/div>\r\n<div class=\"col-md-8\">\r\n<div class=\"contant-bx\">\r\n<div class=\"details\">\r\n<h2 class=\"bottom20\"><b>Critter Trap Monitoring<\/b><\/h2>\r\n<p class=\"bottom20\">Receive trap activations remotely.<\/p>\r\n<p>Service more customer accounts and reduce PCO trap check trips with SMS\/Email alerts when live trap doors close and motion is detected.<\/p><p><a href=\"https:\/\/omnim2m.com\/products\/critter-control\/\" target=\"_blank\" class=\"feature-link\" rel=\"noopener noreferrer\"><button class=\"btn btn-primary\">View More<\/button><\/a><\/p><\/div>\r\n<p><\/p><\/div>\r\n<p><\/p><\/div>\r\n<p><\/p><\/div>\r\n<p><\/p><\/div>\r\n<p><\/p><\/div>\r\n<\/section>\r\n[:es]\r\n<p><\/p>\r\n\r\n\r\n\r\n<style>\r\np{ margin-bottom: 15px;}\r\n.es_submit_button { bottom: 81px;}\r\n<\/style>\r\n<section class=\"odoo-plus bottom70 padding-top page-desc\">\r\n<div class=\"container stnd-element\">\r\n<div class=\"odoo-container more-info\" id=\"Blockchain\">\r\n<div class=\"row odoo-block\">\r\n<div class=\"col-md-4 pull-right\">\r\n<img src=\"..\/wp-content\/uploads\/2019\/10\/Attract-new-customers-with-a-single-wallet-platform-1.jpg\" alt=\"Atraiga nuevos clientes con una sola plataforma de billetera\" class=\"img-responsive\">\r\n<\/div>\r\n<div class=\"col-md-8 pull-left\">\r\n<div class=\"content-bx\">\r\n<h2><b>Atraiga nuevos clientes con una sola plataforma de billetera<\/b><\/h2>\r\n<p>Ofrezca a sus clientes algo m\u00e1s que otra forma de pago.\u00a0Una billetera \u00fanica y robusta permite a los usuarios administrar y controlar las finanzas a trav\u00e9s de una plataforma convergente.<\/p>\r\n<p>Ahora pueden almacenar y usar virtualmente activos financieros que incluyen G2P, B2P, asistencia social, salario, tarjetas y microbanca como pr\u00e9stamos y seguros.<\/p><\/div>\r\n<p><\/p><\/div>\r\n<p><\/p><\/div>\r\n<div class=\"show-contant\" style=\"display: block;\">\r\n<hr>\r\n<div class=\"bottom20 clearfix\">\r\n<div class=\"col-md-4 center-box\">\r\n<img src=\"..\/wp-content\/uploads\/2019\/10\/Build-To-Scale.png\" alt=\"Construir a escala\" class=\"img-responsive\">\r\n<\/div>\r\n<div class=\"col-md-8\">\r\n<div class=\"contant-bx\">\r\n<div class=\"details\">\r\n<h2 class=\"bottom20\"><b>Construir a escala<\/b><\/h2>\r\n<p class=\"bottom20\">Impulse el crecimiento de los ingresos mientras mantiene los costos al m\u00ednimo.<\/p>\r\n<p>Presente r\u00e1pidamente nuevos productos y servicios con tecnolog\u00eda robusta que brinde agilidad y flexibilidad para administrar, modificar y optimizar las operaciones a medida que su negocio crece.<\/p><\/div>\r\n<p><\/p><\/div>\r\n<p><\/p><\/div>\r\n<p><\/p><\/div>\r\n<hr>\r\n<div class=\"bottom20 clearfix\">\r\n<div class=\"col-md-4 pull-right center-box\">\r\n<img src=\"..\/wp-content\/uploads\/2019\/10\/End-to-end-payment-and-commerce-solution.png\" alt=\"Soluci\u00f3n de pago y comercio de extremo a extremo\" class=\"img-responsive\">\r\n<\/div>\r\n<div class=\"col-md-8\">\r\n<div class=\"contant-bx\">\r\n<div class=\"details\">\r\n<h2 class=\"bottom20\"><b>Soluci\u00f3n de pago y comercio de extremo a extremo<\/b><\/h2>\r\n<p class=\"bottom20\">Desde el procesamiento de pagos back-end hasta una billetera digital front-end, TraQiQ ofrece las soluciones que MFS y los proveedores de servicios de pago necesitan para lanzar y escalar negocios.<\/p>\r\n<p><\/p><\/div>\r\n<p><\/p><\/div>\r\n<p><\/p><\/div>\r\n<p><\/p><\/div>\r\n<p><\/p><\/div>\r\n<p><\/p><\/div>\r\n\r\n\r\n<hr>\r\n<div class=\"bottom20 clearfix\">\r\n<div class=\"col-md-4 center-box\">\r\n<img src=\"..\/wp-content\/uploads\/2019\/09\/image005.png\" alt=\"Recopilar, integrar y analizar datos\" class=\"img-responsive\">\r\n<\/div>\r\n<div class=\"col-md-8\">\r\n<div class=\"contant-bx\">\r\n<div class=\"details\">\r\n<h2 class=\"bottom20\"><b>Recopilar, integrar y analizar datos<\/b><\/h2>\r\n<p class=\"bottom20\">Manejar y almacenar archivos de papel manualmente lleva mucho tiempo y es propenso a errores.<\/p>\r\n<p>La plataforma de digitalizaci\u00f3n de documentos TraQData es un m\u00e9todo m\u00e1s r\u00e1pido y seguro donde una empresa puede transformar archivos en papel en datos digitales.<\/p><\/div>\r\n<p>La digitalizaci\u00f3n de documentos ayuda a eliminar problemas como retrasos en la recuperaci\u00f3n de documentos o la colocaci\u00f3n de archivos.\u00a0No permita que los desaf\u00edos de datos restrinjan el progreso de su negocio.\u00a0Digitalice sus datos, transforme su negocio.<\/p><\/div>\r\n<p><ul>\r\n<li>Datos escritos a mano a datos digitales.<\/li>\r\n<li>Construir y recopilar datos en minutos.<\/li>\r\n<li>Apis de recopilaci\u00f3n de datos para integrarse con sus aplicaciones existentes.<\/li>\r\n<\/ul><\/p>\r\n<p><a href=\"https:\/\/www.traqiq.com\/es\/traqdata\/\" target=\"_blank\" class=\"feature-link\" rel=\"noopener noreferrer\"><button class=\"btn btn-primary\">Ver m\u00e1s<\/button><\/a><\/p><\/div>\r\n<p><\/p><\/div>\r\n\r\n\r\n<hr>\r\n<div class=\"bottom20 clearfix\">\r\n<div class=\"col-md-4 pull-right center-box\">\r\n<img src=\"..\/wp-content\/uploads\/2019\/10\/Tank-monitoring.png\" alt=\"Monitoreo de tanques\" class=\"img-responsive\" style=\"margin-top:-30px;\">\r\n<\/div>\r\n<div class=\"col-md-8\">\r\n<div class=\"contant-bx\">\r\n<div class=\"details\">\r\n<h2 class=\"bottom20\"><b>Monitoreo de tanques<\/b><\/h2>\r\n<p class=\"bottom20\">Verifique los niveles de l\u00edquido. Programar entregas.<\/p>\r\n<p>Obtenga vol\u00famenes de tanques de combustible y \/ o l\u00edquido de forma remota con alertas autom\u00e1ticas e informes en tiempo real.<\/p><\/div>\r\n<p>Optimice las fechas de entrega y las cantidades utilizando las capacidades de flujo de trabajo.<\/p><p><a href=\"https:\/\/omnim2m.com\/products\/tank-monitoring\/\" target=\"_blank\" class=\"feature-link\" rel=\"noopener noreferrer\"><button class=\"btn btn-primary\">Ver m\u00e1s<\/button><\/a><\/p><\/div>\r\n<p><\/p><\/div>\r\n<p><\/p><\/div>\r\n<p><\/p><\/div>\r\n<p><\/p><\/div>\r\n\r\n<hr>\r\n<div class=\"bottom20 clearfix\">\r\n<div class=\"col-md-4 center-box\">\r\n<img src=\"..\/wp-content\/uploads\/2019\/10\/temperature-monitoring.png\" alt=\"Monitoreo de temperatura\" class=\"img-responsive\" style=\"margin-top:-30px;\">\r\n<\/div>\r\n<div class=\"col-md-8\">\r\n<div class=\"contant-bx\">\r\n<div class=\"details\">\r\n<h2 class=\"bottom20\"><b>Monitoreo de temperatura<\/b><\/h2>\r\n<p class=\"bottom20\">Reduzca el deterioro y los costos de cumplimiento.<\/p>\r\n<p>Establezca alertas para su equipo refrigerado y \/ o climatizado.<\/p><\/div>\r\n<p>Estandarice los intervalos de informes para temperatura, humedad, luz, presi\u00f3n y m\u00e1s.<\/p>\r\n<p><a href=\"https:\/\/omnim2m.com\/products\/temperature-monitoring\/\" target=\"_blank\" class=\"feature-link\" rel=\"noopener noreferrer\"><button class=\"btn btn-primary\">Ver m\u00e1s<\/button><\/a><\/p><\/div>\r\n<p><\/p><\/div>\r\n<p><\/p><\/div>\r\n\r\n\r\n<hr>\r\n<div class=\"bottom20 clearfix\">\r\n<div class=\"col-md-4 pull-right center-box\">\r\n<img src=\"..\/wp-content\/uploads\/2019\/10\/small-animal-trap.png\" alt=\"Monitoreo de trampa de bichos\" class=\"img-responsive\" style=\"margin-top:-30px;\">\r\n<\/div>\r\n<div class=\"col-md-8\">\r\n<div class=\"contant-bx\">\r\n<div class=\"details\">\r\n<h2 class=\"bottom20\"><b>Monitoreo de trampa de bichos<\/b><\/h2>\r\n<p class=\"bottom20\">Reciba activaciones de trampa de forma remota.<\/p>\r\n<p>D\u00e9 servicio a m\u00e1s cuentas de clientes y reduzca los viajes de verificaci\u00f3n de trampa de PCO con alertas por SMS \/ correo electr\u00f3nico cuando se cierran las puertas de trampa en vivo y se detecta movimiento.<\/p><p><a href=\"https:\/\/omnim2m.com\/products\/critter-control\/\" target=\"_blank\" class=\"feature-link\" rel=\"noopener noreferrer\"><button class=\"btn btn-primary\">Ver m\u00e1s<\/button><\/a><\/p><\/div>\r\n<p><\/p><\/div>\r\n<p><\/p><\/div>\r\n<p><\/p><\/div>\r\n<p><\/p><\/div>\r\n<p><\/p><\/div>\r\n<\/section>\r\n[:]","protected":false},"excerpt":{"rendered":"<p>[:en] Attract new customers with a single wallet platform Provide your customers with more than just another way to pay. A robust single wallet enables users to manage and control finances through a convergent platform. Now they can virtually store and use financial assets including G2P, B2P, welfare, salary, cards and micro banking like loans<a class=\"more-link\" href=\"https:\/\/www.traqiq.com\/es\/digital-commerce-payments-product\/\">Seguir leyendo <span class=\"screen-reader-text\">&#8220;[:en]Digital Commerce &#038; Payments[:es]Comercio digital y pagos[:]&#8221;<\/span><\/a><\/p>","protected":false},"author":1,"featured_media":0,"parent":0,"menu_order":0,"comment_status":"closed","ping_status":"closed","template":"","meta":[],"_links":{"self":[{"href":"https:\/\/www.traqiq.com\/es\/wp-json\/wp\/v2\/pages\/834"}],"collection":[{"href":"https:\/\/www.traqiq.com\/es\/wp-json\/wp\/v2\/pages"}],"about":[{"href":"https:\/\/www.traqiq.com\/es\/wp-json\/wp\/v2\/types\/page"}],"author":[{"embeddable":true,"href":"https:\/\/www.traqiq.com\/es\/wp-json\/wp\/v2\/users\/1"}],"replies":[{"embeddable":true,"href":"https:\/\/www.traqiq.com\/es\/wp-json\/wp\/v2\/comments?post=834"}],"version-history":[{"count":74,"href":"https:\/\/www.traqiq.com\/es\/wp-json\/wp\/v2\/pages\/834\/revisions"}],"predecessor-version":[{"id":2352,"href":"https:\/\/www.traqiq.com\/es\/wp-json\/wp\/v2\/pages\/834\/revisions\/2352"}],"wp:attachment":[{"href":"https:\/\/www.traqiq.com\/es\/wp-json\/wp\/v2\/media?parent=834"}],"curies":[{"name":"wp","href":"https:\/\/api.w.org\/{rel}","templated":true}]}}